{"id":174,"date":"2021-05-19T09:57:15","date_gmt":"2021-05-19T07:57:15","guid":{"rendered":"http:\/\/www.prisedepied.fr\/cirque\/?page_id=174"},"modified":"2021-10-18T12:57:47","modified_gmt":"2021-10-18T10:57:47","slug":"mediation-culturelle","status":"publish","type":"page","link":"https:\/\/www.prisedepied.fr\/cirque\/mediation-culturelle\/","title":{"rendered":"M\u00e9diation culturelle"},"content":{"rendered":"\n<div class=\"wp-block-columns alignwide is-layout-flex wp-container-core-columns-is-layout-9d6595d7 wp-block-columns-is-layout-flex\">\n<div class=\"wp-block-column is-layout-flow wp-block-column-is-layout-flow\" style=\"flex-basis:66.66%\">\n<figure class=\"wp-block-image size-large photo1\"><img loading=\"lazy\" decoding=\"async\" width=\"1024\" height=\"630\" src=\"http:\/\/www.prisedepied.fr\/cirque\/wp-content\/uploads\/2021\/10\/e\u0301quilibre-boule-rouleau-ame\u0301ricain-musique-guitare-clown-enfants-1024x630.jpg\" alt=\"e\u0301quilibre boule, rouleau ame\u0301ricain musique guitare clown enfants\" class=\"wp-image-940\" title=\"\" srcset=\"https:\/\/www.prisedepied.fr\/cirque\/wp-content\/uploads\/2021\/10\/e\u0301quilibre-boule-rouleau-ame\u0301ricain-musique-guitare-clown-enfants-1024x630.jpg 1024w, https:\/\/www.prisedepied.fr\/cirque\/wp-content\/uploads\/2021\/10\/e\u0301quilibre-boule-rouleau-ame\u0301ricain-musique-guitare-clown-enfants-300x185.jpg 300w, https:\/\/www.prisedepied.fr\/cirque\/wp-content\/uploads\/2021\/10\/e\u0301quilibre-boule-rouleau-ame\u0301ricain-musique-guitare-clown-enfants-768x472.jpg 768w, https:\/\/www.prisedepied.fr\/cirque\/wp-content\/uploads\/2021\/10\/e\u0301quilibre-boule-rouleau-ame\u0301ricain-musique-guitare-clown-enfants-1536x945.jpg 1536w, https:\/\/www.prisedepied.fr\/cirque\/wp-content\/uploads\/2021\/10\/e\u0301quilibre-boule-rouleau-ame\u0301ricain-musique-guitare-clown-enfants-1200x738.jpg 1200w, https:\/\/www.prisedepied.fr\/cirque\/wp-content\/uploads\/2021\/10\/e\u0301quilibre-boule-rouleau-ame\u0301ricain-musique-guitare-clown-enfants.jpg 1920w\" sizes=\"auto, (max-width: 1024px) 100vw, 1024px\" \/><\/figure>\n<\/div>\n\n\n\n<div class=\"wp-block-column is-vertically-aligned-center is-layout-flow wp-block-column-is-layout-flow\" style=\"flex-basis:33.33%\">\n<figure class=\"wp-block-image size-full photo2\"><img loading=\"lazy\" decoding=\"async\" width=\"768\" height=\"1024\" src=\"http:\/\/www.prisedepied.fr\/cirque\/wp-content\/uploads\/2021\/10\/porte\u0301s-acrobatique-enfants.jpeg\" alt=\"porte\u0301s-acrobatique-enfants\" class=\"wp-image-944\" srcset=\"https:\/\/www.prisedepied.fr\/cirque\/wp-content\/uploads\/2021\/10\/porte\u0301s-acrobatique-enfants.jpeg 768w, https:\/\/www.prisedepied.fr\/cirque\/wp-content\/uploads\/2021\/10\/porte\u0301s-acrobatique-enfants-225x300.jpeg 225w\" sizes=\"auto, (max-width: 768px) 100vw, 768px\" \/><\/figure>\n<\/div>\n<\/div>\n\n\n\n<h2 class=\"alignwide has-text-align-center wp-block-heading\">Activit\u00e9s p\u00e9dagogiques<br>propos\u00e9es en amont ou en aval des spectacles<\/h2>\n\n\n\n<div style=\"height:50px\" aria-hidden=\"true\" class=\"wp-block-spacer\"><\/div>\n\n\n\n<div class=\"wp-block-columns alignfull fond-vert is-layout-flex wp-container-core-columns-is-layout-9d6595d7 wp-block-columns-is-layout-flex\">\n<div class=\"wp-block-column is-layout-flow wp-block-column-is-layout-flow\">\n<div style=\"height:5px\" aria-hidden=\"true\" class=\"wp-block-spacer\"><\/div>\n\n\n\n<pre class=\"wp-block-verse\">L'initiation aux arts du cirque se fera de mani\u00e8re ludique \u00e0 travers des jeux de r\u00e9flexe, de cr\u00e9ativit\u00e9 et d'\u00e9veil corporel.\n\nTout au long de ces ateliers, nous travaillerons sur la concentration, la confiance en soi, le respect de soi-m\u00eame et de l'autre. Des temps seront consacr\u00e9s, en alternance, \u00e0 l'individualit\u00e9 et au groupe.\n\nPossibilit\u00e9 d'une pr\u00e9sentation de travail, apr\u00e8s un minimum de 15 heures d'interventions p\u00e9dagogiques.<\/pre>\n\n\n\n<div style=\"height:10px\" aria-hidden=\"true\" class=\"wp-block-spacer\"><\/div>\n<\/div>\n<\/div>\n\n\n\n<div class=\"wp-block-columns alignwide is-layout-flex wp-container-core-columns-is-layout-9d6595d7 wp-block-columns-is-layout-flex\">\n<div class=\"wp-block-column is-layout-flow wp-block-column-is-layout-flow\" style=\"flex-basis:33.33%\">\n<figure class=\"wp-block-image size-large photo2\"><img loading=\"lazy\" decoding=\"async\" width=\"1024\" height=\"683\" src=\"http:\/\/www.prisedepied.fr\/cirque\/wp-content\/uploads\/2021\/10\/fil-de-fer-monocycle-musique-guitare-enfants-1024x683.jpg\" alt=\"fil de fer, monocycle musique guitare enfants\" class=\"wp-image-941\" srcset=\"https:\/\/www.prisedepied.fr\/cirque\/wp-content\/uploads\/2021\/10\/fil-de-fer-monocycle-musique-guitare-enfants-1024x683.jpg 1024w, https:\/\/www.prisedepied.fr\/cirque\/wp-content\/uploads\/2021\/10\/fil-de-fer-monocycle-musique-guitare-enfants-300x200.jpg 300w, https:\/\/www.prisedepied.fr\/cirque\/wp-content\/uploads\/2021\/10\/fil-de-fer-monocycle-musique-guitare-enfants-768x512.jpg 768w, https:\/\/www.prisedepied.fr\/cirque\/wp-content\/uploads\/2021\/10\/fil-de-fer-monocycle-musique-guitare-enfants-1536x1024.jpg 1536w, https:\/\/www.prisedepied.fr\/cirque\/wp-content\/uploads\/2021\/10\/fil-de-fer-monocycle-musique-guitare-enfants-1200x800.jpg 1200w, https:\/\/www.prisedepied.fr\/cirque\/wp-content\/uploads\/2021\/10\/fil-de-fer-monocycle-musique-guitare-enfants.jpg 1920w\" sizes=\"auto, (max-width: 1024px) 100vw, 1024px\" \/><\/figure>\n\n\n\n<figure class=\"wp-block-image size-full photo1\"><img loading=\"lazy\" decoding=\"async\" width=\"1024\" height=\"768\" src=\"http:\/\/www.prisedepied.fr\/cirque\/wp-content\/uploads\/2021\/10\/Jonglage-et-e\u0301quilibre-sur-objets.jpeg\" alt=\"Jonglage et e\u0301quilibre sur objets\" class=\"wp-image-942\" srcset=\"https:\/\/www.prisedepied.fr\/cirque\/wp-content\/uploads\/2021\/10\/Jonglage-et-e\u0301quilibre-sur-objets.jpeg 1024w, https:\/\/www.prisedepied.fr\/cirque\/wp-content\/uploads\/2021\/10\/Jonglage-et-e\u0301quilibre-sur-objets-300x225.jpeg 300w, https:\/\/www.prisedepied.fr\/cirque\/wp-content\/uploads\/2021\/10\/Jonglage-et-e\u0301quilibre-sur-objets-768x576.jpeg 768w\" sizes=\"auto, (max-width: 1024px) 100vw, 1024px\" \/><\/figure>\n\n\n\n<figure class=\"wp-block-image size-large affiche\"><img loading=\"lazy\" decoding=\"async\" width=\"725\" height=\"1024\" src=\"http:\/\/www.prisedepied.fr\/cirque\/wp-content\/uploads\/2021\/10\/dessin-enfant-me\u0301diation-culturelle-4-725x1024.jpg\" alt=\"dessin enfant me\u0301diation culturelle 4\" class=\"wp-image-938\" srcset=\"https:\/\/www.prisedepied.fr\/cirque\/wp-content\/uploads\/2021\/10\/dessin-enfant-me\u0301diation-culturelle-4-725x1024.jpg 725w, https:\/\/www.prisedepied.fr\/cirque\/wp-content\/uploads\/2021\/10\/dessin-enfant-me\u0301diation-culturelle-4-213x300.jpg 213w, https:\/\/www.prisedepied.fr\/cirque\/wp-content\/uploads\/2021\/10\/dessin-enfant-me\u0301diation-culturelle-4-768x1084.jpg 768w, https:\/\/www.prisedepied.fr\/cirque\/wp-content\/uploads\/2021\/10\/dessin-enfant-me\u0301diation-culturelle-4-1088x1536.jpg 1088w, https:\/\/www.prisedepied.fr\/cirque\/wp-content\/uploads\/2021\/10\/dessin-enfant-me\u0301diation-culturelle-4-1200x1694.jpg 1200w, https:\/\/www.prisedepied.fr\/cirque\/wp-content\/uploads\/2021\/10\/dessin-enfant-me\u0301diation-culturelle-4.jpg 1360w\" sizes=\"auto, (max-width: 725px) 100vw, 725px\" \/><\/figure>\n<\/div>\n\n\n\n<div class=\"wp-block-column is-layout-flow wp-block-column-is-layout-flow\" style=\"flex-basis:66.66%\">\n<div style=\"height:50px\" aria-hidden=\"true\" class=\"wp-block-spacer\"><\/div>\n\n\n\n<blockquote class=\"wp-block-quote is-layout-flow wp-block-quote-is-layout-flow\"><p>Ateliers d\u00e9couverte et initiation toutes disciplines, approfondissement en port\u00e9s acrobatiques.<\/p><\/blockquote>\n\n\n\n<div style=\"height:25px\" aria-hidden=\"true\" class=\"wp-block-spacer\"><\/div>\n\n\n\n<h3 class=\"wp-block-heading\">Disciplines abord\u00e9es<\/h3>\n\n\n\n<p><em>Selon demande, \u00e2ge et temps consacr\u00e9<\/em><\/p>\n\n\n\n<p><strong>Jonglage<\/strong> : diabolo, assiette chinoise, balles, foulards, b\u00e2ton du diable, massues<br><strong>\u00c9quilibre sur objets<\/strong> : fil de fer, boule, monocycle, rouleau am\u00e9ricain, petites \u00e9chasses<br><strong>Acrobaties<\/strong> : au sol, port\u00e9s et pyramides<br><strong>Clown<\/strong><\/p>\n\n\n\n<h3 class=\"wp-block-heading\">Parcours des animateurs<\/h3>\n\n\n\n<p>Formation professionnelle aux m\u00e9tiers des arts du cirque. BAFA, AFPS, dipl\u00f4me d&rsquo;\u00c9tat.<\/p>\n\n\n\n<p>Exp\u00e9riences : Ecole de Cirque de Lyon, Centres de vacances, interventions dans des \u00e9coles&#8230;<\/p>\n\n\n\n<figure class=\"wp-block-image size-large affiche\"><img loading=\"lazy\" decoding=\"async\" width=\"1024\" height=\"622\" src=\"http:\/\/www.prisedepied.fr\/cirque\/wp-content\/uploads\/2021\/10\/dessin-enfant-me\u0301diation-culturelle-1-1024x622.jpg\" alt=\"dessin enfant me\u0301diation culturelle 1\" class=\"wp-image-939\" srcset=\"https:\/\/www.prisedepied.fr\/cirque\/wp-content\/uploads\/2021\/10\/dessin-enfant-me\u0301diation-culturelle-1-1024x622.jpg 1024w, https:\/\/www.prisedepied.fr\/cirque\/wp-content\/uploads\/2021\/10\/dessin-enfant-me\u0301diation-culturelle-1-300x182.jpg 300w, https:\/\/www.prisedepied.fr\/cirque\/wp-content\/uploads\/2021\/10\/dessin-enfant-me\u0301diation-culturelle-1-768x466.jpg 768w, https:\/\/www.prisedepied.fr\/cirque\/wp-content\/uploads\/2021\/10\/dessin-enfant-me\u0301diation-culturelle-1-1536x933.jpg 1536w, https:\/\/www.prisedepied.fr\/cirque\/wp-content\/uploads\/2021\/10\/dessin-enfant-me\u0301diation-culturelle-1-1200x729.jpg 1200w, https:\/\/www.prisedepied.fr\/cirque\/wp-content\/uploads\/2021\/10\/dessin-enfant-me\u0301diation-culturelle-1.jpg 1920w\" sizes=\"auto, (max-width: 1024px) 100vw, 1024px\" \/><\/figure>\n<\/div>\n<\/div>\n","protected":false},"excerpt":{"rendered":"<p>Activit\u00e9s p\u00e9dagogiquespropos\u00e9es en amont ou en aval des spectacles L&rsquo;initiation aux arts du cirque se fera de mani\u00e8re ludique \u00e0 travers des jeux de r\u00e9flexe, de cr\u00e9ativit\u00e9 et d&rsquo;\u00e9veil corporel. Tout au long de ces ateliers, nous travaillerons sur la concentration, la confiance en soi, le respect de soi-m\u00eame et de l&rsquo;autre. Des temps seront [&hellip;]<\/p>\n","protected":false},"author":1,"featured_media":0,"parent":0,"menu_order":0,"comment_status":"closed","ping_status":"closed","template":"","meta":{"footnotes":""},"class_list":["post-174","page","type-page","status-publish","hentry"],"_links":{"self":[{"href":"https:\/\/www.prisedepied.fr\/cirque\/wp-json\/wp\/v2\/pages\/174","targetHints":{"allow":["GET"]}}],"collection":[{"href":"https:\/\/www.prisedepied.fr\/cirque\/wp-json\/wp\/v2\/pages"}],"about":[{"href":"https:\/\/www.prisedepied.fr\/cirque\/wp-json\/wp\/v2\/types\/page"}],"author":[{"embeddable":true,"href":"https:\/\/www.prisedepied.fr\/cirque\/wp-json\/wp\/v2\/users\/1"}],"replies":[{"embeddable":true,"href":"https:\/\/www.prisedepied.fr\/cirque\/wp-json\/wp\/v2\/comments?post=174"}],"version-history":[{"count":11,"href":"https:\/\/www.prisedepied.fr\/cirque\/wp-json\/wp\/v2\/pages\/174\/revisions"}],"predecessor-version":[{"id":946,"href":"https:\/\/www.prisedepied.fr\/cirque\/wp-json\/wp\/v2\/pages\/174\/revisions\/946"}],"wp:attachment":[{"href":"https:\/\/www.prisedepied.fr\/cirque\/wp-json\/wp\/v2\/media?parent=174"}],"curies":[{"name":"wp","href":"https:\/\/api.w.org\/{rel}","templated":true}]}}