{"id":497,"date":"2021-06-14T09:37:55","date_gmt":"2021-06-14T07:37:55","guid":{"rendered":"http:\/\/www.prisedepied.fr\/cirque\/?page_id=497"},"modified":"2021-11-04T10:38:27","modified_gmt":"2021-11-04T09:38:27","slug":"un-ptit-porte","status":"publish","type":"page","link":"https:\/\/www.prisedepied.fr\/cirque\/un-ptit-porte\/","title":{"rendered":"Un p&rsquo;tit port\u00e9"},"content":{"rendered":"\n<div class=\"wp-block-columns alignwide are-vertically-aligned-center is-layout-flex wp-container-core-columns-is-layout-9d6595d7 wp-block-columns-is-layout-flex\">\n<div class=\"wp-block-column is-vertically-aligned-center is-layout-flow wp-block-column-is-layout-flow\" style=\"flex-basis:33.33%\">\n<figure class=\"wp-block-image size-large affiche\"><img loading=\"lazy\" decoding=\"async\" width=\"724\" height=\"1024\" src=\"http:\/\/www.prisedepied.fr\/cirque\/wp-content\/uploads\/2021\/06\/affiche-Un_ptit_porte-Cie_Prise_de_Pied-724x1024.jpg\" alt=\"affiche : Un p'tit port\u00e9 \u00a9Cie Prise de Pied\" class=\"wp-image-516\" srcset=\"https:\/\/www.prisedepied.fr\/cirque\/wp-content\/uploads\/2021\/06\/affiche-Un_ptit_porte-Cie_Prise_de_Pied-724x1024.jpg 724w, https:\/\/www.prisedepied.fr\/cirque\/wp-content\/uploads\/2021\/06\/affiche-Un_ptit_porte-Cie_Prise_de_Pied-212x300.jpg 212w, https:\/\/www.prisedepied.fr\/cirque\/wp-content\/uploads\/2021\/06\/affiche-Un_ptit_porte-Cie_Prise_de_Pied-768x1087.jpg 768w, https:\/\/www.prisedepied.fr\/cirque\/wp-content\/uploads\/2021\/06\/affiche-Un_ptit_porte-Cie_Prise_de_Pied-1086x1536.jpg 1086w, https:\/\/www.prisedepied.fr\/cirque\/wp-content\/uploads\/2021\/06\/affiche-Un_ptit_porte-Cie_Prise_de_Pied-1200x1698.jpg 1200w, https:\/\/www.prisedepied.fr\/cirque\/wp-content\/uploads\/2021\/06\/affiche-Un_ptit_porte-Cie_Prise_de_Pied.jpg 1357w\" sizes=\"auto, (max-width: 724px) 100vw, 724px\" \/><\/figure>\n<\/div>\n\n\n\n<div class=\"wp-block-column is-vertically-aligned-center is-layout-flow wp-block-column-is-layout-flow\" style=\"flex-basis:66.66%\">\n<h2 class=\"wp-block-heading\">Ou comment g\u00e9rer les cons\u00e9quences d&rsquo;une soir\u00e9e un peu trop acrobatique !<\/h2>\n\n\n\n<p>Sur un air de milonga, une rencontre, un brin de s\u00e9duction acrobatique\u2026<br>Mais o\u00f9 cela va-t-il les mener ? Sont-ils pr\u00eats \u00e0 assumer les suites de cette soir\u00e9e ? Oui ? Non ?<br>En tout cas, gare aux p&rsquo;tits port\u00e9s !<\/p>\n\n\n\n<hr class=\"wp-block-separator\"\/>\n\n\n\n<p class=\"has-text-align-right\"><strong>Spectacle acrobatique et burlesque<\/strong><br>Cr\u00e9ation : 2010<br>Tout public (\u00e0 partir de 4 ans)<br>Dur\u00e9e : 20 min<\/p>\n<\/div>\n<\/div>\n\n\n\n<div class=\"wp-block-columns alignfull is-layout-flex wp-container-core-columns-is-layout-9d6595d7 wp-block-columns-is-layout-flex\">\n<div class=\"wp-block-column is-layout-flow wp-block-column-is-layout-flow\"><style id=\"wp_carousel_dynamic_css596\">#sp-wp-carousel-free-id-596 .wpcp-swiper-dots {margin: 40px 0px 0px 0px;}.wpcp-wrapper-596 .swiper-wrapper .swiper-slide-kenburn, .wpcp-wrapper-596 .swiper-wrapper, .wpcp-wrapper-596 .wpcpro-row{align-items: center;}#sp-wp-carousel-free-id-596 .wpcp-single-item {box-shadow: 0px 0px 0px 0px #dddddd;transition: all .3s;margin: 0px;}#sp-wp-carousel-free-id-596.swiper-flip .wpcp-single-item{margin: 0!important;}#sp-wp-carousel-free-id-596 .wpcp-single-item:hover {box-shadow: 0px 0px 0px 0px #dddddd;}#sp-wp-carousel-free-id-596.sp-wpcp-596 .wpcp-single-item {border: 1px none #dddddd;} #sp-wp-carousel-free-id-596.sp-wpcp-596.wpcp-image-carousel .wpcp-single-item:hover img, #sp-wp-carousel-free-id-596.sp-wpcp-596.wpcp-post-carousel .wpcp-single-item:hover img, #sp-wp-carousel-free-id-596.sp-wpcp-596.wpcp-product-carousel .wpcp-single-item:hover img{-webkit-transform: scale(1.2);-moz-transform: scale(1.2);transform: scale(1.2);}#sp-wp-carousel-free-id-596.nav-vertical-center {padding: 0;margin:0;}#sp-wp-carousel-free-id-596 .wpcpro-row>[class*=\"wpcpro-col-\"] { padding: 0 10px; padding-bottom: 20px;} #sp-wp-carousel-free-id-596 .swiper-slide .single-item-fade:not(:last-child) { margin-right: 20px;}@media (min-width: 480px) { .wpcpro-row .wpcpro-col-sm-1 { flex: 0 0 100%; max-width: 100%; } .wpcpro-row .wpcpro-col-sm-2 { flex: 0 0 50%; max-width: 50%; } .wpcpro-row .wpcpro-col-sm-2-5 { flex: 0 0 75%; max-width: 75%; } .wpcpro-row .wpcpro-col-sm-3 { flex: 0 0 33.333%; max-width: 33.333%; } .wpcpro-row .wpcpro-col-sm-4 { flex: 0 0 25%; max-width: 25%; } .wpcpro-row .wpcpro-col-sm-5 { flex: 0 0 20%; max-width: 20%; } .wpcpro-row .wpcpro-col-sm-6 { flex: 0 0 16.66666666666667%; max-width: 16.66666666666667%; } .wpcpro-row .wpcpro-col-sm-7 { flex: 0 0 14.28571428%; max-width: 14.28571428%; } .wpcpro-row .wpcpro-col-sm-8 { flex: 0 0 12.5%; max-width: 12.5%; } } @media (max-width: 480px) { .wpcpro-row .wpcpro-col-xs-1 { flex: 0 0 100%; max-width: 100%; } .wpcpro-row .wpcpro-col-xs-2 { flex: 0 0 50%; max-width: 50%; } .wpcpro-row .wpcpro-col-xs-3 { flex: 0 0 33.222%; max-width: 33.222%; } .wpcpro-row .wpcpro-col-xs-4 { flex: 0 0 25%; max-width: 25%; } .wpcpro-row .wpcpro-col-xs-5 { flex: 0 0 20%; max-width: 20%; } .wpcpro-row .wpcpro-col-xs-6 { flex: 0 0 16.6667%; max-width: 16.6667%; } .wpcpro-row .wpcpro-col-xs-7 { flex: 0 0 14.28571428%; max-width: 14.28571428%; } .wpcpro-row .wpcpro-col-xs-8 { flex: 0 0 12.5%; max-width: 12.5%; } } @media (min-width: 736px) { .wpcpro-row .wpcpro-col-md-1 { flex: 0 0 100%; max-width: 100%; } .wpcpro-row .wpcpro-col-md-2 { flex: 0 0 50%; max-width: 50%; } .wpcpro-row .wpcpro-col-md-2-5 { flex: 0 0 75%; max-width: 75%; } .wpcpro-row .wpcpro-col-md-3 { flex: 0 0 33.333%; max-width: 33.333%; } .wpcpro-row .wpcpro-col-md-4 { flex: 0 0 25%; max-width: 25%; } .wpcpro-row .wpcpro-col-md-5 { flex: 0 0 20%; max-width: 20%; } .wpcpro-row .wpcpro-col-md-6 { flex: 0 0 16.66666666666667%; max-width: 16.66666666666667%; } .wpcpro-row .wpcpro-col-md-7 { flex: 0 0 14.28571428%; max-width: 14.28571428%; } .wpcpro-row .wpcpro-col-md-8 { flex: 0 0 12.5%; max-width: 12.5%; } } @media (min-width: 980px) { .wpcpro-row .wpcpro-col-lg-1 { flex: 0 0 100%; max-width: 100%; } .wpcpro-row .wpcpro-col-lg-2 { flex: 0 0 50%; max-width: 50%; } .wpcpro-row .wpcpro-col-lg-3 { flex: 0 0 33.222%; max-width: 33.222%; } .wpcpro-row .wpcpro-col-lg-4 { flex: 0 0 25%; max-width: 25%; } .wpcpro-row .wpcpro-col-lg-5 { flex: 0 0 20%; max-width: 20%; } .wpcpro-row .wpcpro-col-lg-6 { flex: 0 0 16.6667%; max-width: 16.6667%; } .wpcpro-row .wpcpro-col-lg-7 { flex: 0 0 14.28571428%; max-width: 14.28571428%; } .wpcpro-row .wpcpro-col-lg-8 { flex: 0 0 12.5%; max-width: 12.5%; } } @media (min-width: 1200px) { .wpcpro-row .wpcpro-col-xl-1 { flex: 0 0 100%; max-width: 100%; } .wpcpro-row .wpcpro-col-xl-2 { flex: 0 0 50%; max-width: 50%; } .wpcpro-row .wpcpro-col-xl-3 { flex: 0 0 33.22222222%; max-width: 33.22222222%; } .wpcpro-row .wpcpro-col-xl-4 { flex: 0 0 25%; max-width: 25%; } .wpcpro-row .wpcpro-col-xl-5 { flex: 0 0 20%; max-width: 20%; } .wpcpro-row .wpcpro-col-xl-6 { flex: 0 0 16.66667%; max-width: 16.66667%; } .wpcpro-row .wpcpro-col-xl-7 { flex: 0 0 14.28571428%; max-width: 14.28571428%; } .wpcpro-row .wpcpro-col-xl-8 { flex: 0 0 12.5%; max-width: 12.5%; } }<\/style><div class=\"wpcp-carousel-wrapper wpcp-wrapper-596\">\n\t<div id=\"wpcp-preloader-596\" class=\"wpcp-carousel-preloader\"><img decoding=\"async\" src=\"https:\/\/www.prisedepied.fr\/cirque\/wp-content\/plugins\/wp-carousel-free\/public\/css\/spinner.svg\" alt=\"Preloader Image\" \/><\/div>\t<div class=\"wpcp-carousel-content-wrapper\">\n\t<div id=\"sp-wp-carousel-free-id-596\" class=\"wpcp-carousel-section sp-wpcp-596  nav-vertical-center wpcp-image-carousel wpcp-preloader wpcp-standard\" data-swiper='{ &quot;accessibility&quot;:true, &quot;spaceBetween&quot;:20, &quot;arrows&quot;:false, &quot;freeMode&quot;: false, &quot;autoplay&quot;:true, &quot;effect&quot;: &quot;slide&quot;, &quot;centerMode&quot;: false, &quot;autoplaySpeed&quot;:1500, &quot;dots&quot;:false, &quot;infinite&quot;:true, &quot;speed&quot;:400, &quot;pauseOnHover&quot;:false,\n\t\t\t&quot;slidesToShow&quot;:{&quot;lg_desktop&quot;:3, &quot;desktop&quot;: 3, &quot;laptop&quot;: 2, &quot;tablet&quot;: 1, &quot;mobile&quot;: 1}, &quot;responsive&quot;:{&quot;desktop&quot;:1200, &quot;laptop&quot;: 980, &quot;tablet&quot;: 736, &quot;mobile&quot;: 480}, &quot;rtl&quot;:false, &quot;lazyLoad&quot;: &quot;false&quot;, &quot;swipe&quot;: false, &quot;draggable&quot;: true, &quot;swipeToSlide&quot;:true }' dir=\"ltr\">\n\t\t<div class=\"swiper-wrapper\">\n\t\t<div class=\"swiper-slide\">\n\t<div class=\"wpcp-single-item\">\n\t\t\t<div class=\"wpcp-slide-image\">\n\t\t<img loading=\"lazy\" decoding=\"async\" class=\"skip-lazy\" src=\"https:\/\/www.prisedepied.fr\/cirque\/wp-content\/uploads\/2021\/10\/Un-ptit-porte\u0301-@\u00a9Prise-de-pied-2-768x1152.jpg\" alt=\"Un ptit porte\u0301 @\u00a9Prise de pied -2\" width=\"580\" height=\"870\">\t<\/div>\n\t\t<\/div>\n<\/div>\n\t<div class=\"swiper-slide\">\n\t<div class=\"wpcp-single-item\">\n\t\t\t<div class=\"wpcp-slide-image\">\n\t\t<img loading=\"lazy\" decoding=\"async\" class=\"skip-lazy\" src=\"https:\/\/www.prisedepied.fr\/cirque\/wp-content\/uploads\/2021\/10\/Un-ptit-porte\u0301-@Prise-de-pied-\u00a9Quelques_pArts-768x1126.jpg\" alt=\"Un ptit porte\u0301 @Prise de pied \u00a9Quelques_p\u2019Arts\" width=\"580\" height=\"850\">\t<\/div>\n\t\t<\/div>\n<\/div>\n\t<div class=\"swiper-slide\">\n\t<div class=\"wpcp-single-item\">\n\t\t\t<div class=\"wpcp-slide-image\">\n\t\t<img loading=\"lazy\" decoding=\"async\" class=\"skip-lazy\" src=\"https:\/\/www.prisedepied.fr\/cirque\/wp-content\/uploads\/2021\/10\/Un-ptit-porte\u0301-@\u00a9Prise-de-pied.jpg\" alt=\"Un ptit porte\u0301 @\u00a9Prise de pied\" width=\"580\" height=\"871\">\t<\/div>\n\t\t<\/div>\n<\/div>\n\t<div class=\"swiper-slide\">\n\t<div class=\"wpcp-single-item\">\n\t\t\t<div class=\"wpcp-slide-image\">\n\t\t<img loading=\"lazy\" decoding=\"async\" class=\"skip-lazy\" src=\"https:\/\/www.prisedepied.fr\/cirque\/wp-content\/uploads\/2021\/10\/Un-ptit-porte\u0301-@Prise-de-pied-\u00a9Quelques_pArts-1-768x1126.jpg\" alt=\"Un ptit porte\u0301 @Prise de pied \u00a9Quelques_p\u2019Arts -1\" width=\"580\" height=\"850\">\t<\/div>\n\t\t<\/div>\n<\/div>\n\t<div class=\"swiper-slide\">\n\t<div class=\"wpcp-single-item\">\n\t\t\t<div class=\"wpcp-slide-image\">\n\t\t<img loading=\"lazy\" decoding=\"async\" class=\"skip-lazy\" src=\"https:\/\/www.prisedepied.fr\/cirque\/wp-content\/uploads\/2021\/10\/Un-ptit-porte\u0301-@\u00a9Prise-de-pied-St-Cyr-05-768x524.jpg\" alt=\"Un ptit porte\u0301 @\u00a9Prise de pied - St-Cyr 05\" width=\"580\" height=\"396\">\t<\/div>\n\t\t<\/div>\n<\/div>\n\t\t\t<\/div>\n\t\t\t\t<!-- If we need navigation buttons -->\n\t\t\t<\/div>\n\t<\/div>\n<\/div>\n\n<\/div>\n<\/div>\n\n\n\n<div class=\"wp-block-columns alignwide are-vertically-aligned-center is-layout-flex wp-container-core-columns-is-layout-9d6595d7 wp-block-columns-is-layout-flex\">\n<div class=\"wp-block-column is-vertically-aligned-center is-layout-flow wp-block-column-is-layout-flow\" style=\"flex-basis:25%\">\n<figure class=\"wp-block-image size-large photo3\"><img loading=\"lazy\" decoding=\"async\" width=\"683\" height=\"1024\" src=\"http:\/\/www.prisedepied.fr\/cirque\/wp-content\/uploads\/2021\/10\/Un-ptit-porte\u0301-@\u00a9Prise-de-pied-1-683x1024.jpg\" alt=\"Un ptit porte\u0301 @\u00a9Prise de pied -1\" class=\"wp-image-861\" srcset=\"https:\/\/www.prisedepied.fr\/cirque\/wp-content\/uploads\/2021\/10\/Un-ptit-porte\u0301-@\u00a9Prise-de-pied-1-683x1024.jpg 683w, https:\/\/www.prisedepied.fr\/cirque\/wp-content\/uploads\/2021\/10\/Un-ptit-porte\u0301-@\u00a9Prise-de-pied-1-200x300.jpg 200w, https:\/\/www.prisedepied.fr\/cirque\/wp-content\/uploads\/2021\/10\/Un-ptit-porte\u0301-@\u00a9Prise-de-pied-1-768x1152.jpg 768w, https:\/\/www.prisedepied.fr\/cirque\/wp-content\/uploads\/2021\/10\/Un-ptit-porte\u0301-@\u00a9Prise-de-pied-1-1024x1536.jpg 1024w, https:\/\/www.prisedepied.fr\/cirque\/wp-content\/uploads\/2021\/10\/Un-ptit-porte\u0301-@\u00a9Prise-de-pied-1-1200x1800.jpg 1200w, https:\/\/www.prisedepied.fr\/cirque\/wp-content\/uploads\/2021\/10\/Un-ptit-porte\u0301-@\u00a9Prise-de-pied-1.jpg 1280w\" sizes=\"auto, (max-width: 683px) 100vw, 683px\" \/><\/figure>\n\n\n\n<figure class=\"wp-block-image size-large photo2\"><img loading=\"lazy\" decoding=\"async\" width=\"1024\" height=\"698\" src=\"http:\/\/www.prisedepied.fr\/cirque\/wp-content\/uploads\/2021\/10\/Un-ptit-porte\u0301-@Prise-de-pied-\u00a9Quelques_pArts-3-1024x698.jpg\" alt=\"Un ptit porte\u0301 @Prise de pied \u00a9Quelques_p\u2019Arts -3\" class=\"wp-image-868\" srcset=\"https:\/\/www.prisedepied.fr\/cirque\/wp-content\/uploads\/2021\/10\/Un-ptit-porte\u0301-@Prise-de-pied-\u00a9Quelques_pArts-3-1024x698.jpg 1024w, https:\/\/www.prisedepied.fr\/cirque\/wp-content\/uploads\/2021\/10\/Un-ptit-porte\u0301-@Prise-de-pied-\u00a9Quelques_pArts-3-300x205.jpg 300w, https:\/\/www.prisedepied.fr\/cirque\/wp-content\/uploads\/2021\/10\/Un-ptit-porte\u0301-@Prise-de-pied-\u00a9Quelques_pArts-3-768x524.jpg 768w, https:\/\/www.prisedepied.fr\/cirque\/wp-content\/uploads\/2021\/10\/Un-ptit-porte\u0301-@Prise-de-pied-\u00a9Quelques_pArts-3-1200x818.jpg 1200w, https:\/\/www.prisedepied.fr\/cirque\/wp-content\/uploads\/2021\/10\/Un-ptit-porte\u0301-@Prise-de-pied-\u00a9Quelques_pArts-3.jpg 1299w\" sizes=\"auto, (max-width: 1024px) 100vw, 1024px\" \/><\/figure>\n<\/div>\n\n\n\n<div class=\"wp-block-column is-vertically-aligned-center is-layout-flow wp-block-column-is-layout-flow\" style=\"flex-basis:50%\">\n<figure class=\"wp-block-image size-full photo1\"><img loading=\"lazy\" decoding=\"async\" width=\"480\" height=\"845\" src=\"http:\/\/www.prisedepied.fr\/cirque\/wp-content\/uploads\/2021\/10\/Un-ptit-porte\u0301-@\u00a9Prise-de-pied-Vinzieux-36.jpg\" alt=\"Un ptit porte\u0301 @\u00a9Prise de pied - Vinzieux 36\" class=\"wp-image-860\" srcset=\"https:\/\/www.prisedepied.fr\/cirque\/wp-content\/uploads\/2021\/10\/Un-ptit-porte\u0301-@\u00a9Prise-de-pied-Vinzieux-36.jpg 480w, https:\/\/www.prisedepied.fr\/cirque\/wp-content\/uploads\/2021\/10\/Un-ptit-porte\u0301-@\u00a9Prise-de-pied-Vinzieux-36-170x300.jpg 170w\" sizes=\"auto, (max-width: 480px) 100vw, 480px\" \/><\/figure>\n<\/div>\n\n\n\n<div class=\"wp-block-column is-vertically-aligned-center is-layout-flow wp-block-column-is-layout-flow\" style=\"flex-basis:25%\">\n<figure class=\"wp-block-image size-large photo2\"><img loading=\"lazy\" decoding=\"async\" width=\"1024\" height=\"680\" src=\"http:\/\/www.prisedepied.fr\/cirque\/wp-content\/uploads\/2021\/10\/Un-ptit-porte\u0301-@\u00a9Prise-de-pied-5-1024x680.jpg\" alt=\"Un ptit porte\u0301 @\u00a9Prise de pied -5\" class=\"wp-image-863\" srcset=\"https:\/\/www.prisedepied.fr\/cirque\/wp-content\/uploads\/2021\/10\/Un-ptit-porte\u0301-@\u00a9Prise-de-pied-5-1024x680.jpg 1024w, https:\/\/www.prisedepied.fr\/cirque\/wp-content\/uploads\/2021\/10\/Un-ptit-porte\u0301-@\u00a9Prise-de-pied-5-300x199.jpg 300w, https:\/\/www.prisedepied.fr\/cirque\/wp-content\/uploads\/2021\/10\/Un-ptit-porte\u0301-@\u00a9Prise-de-pied-5-768x510.jpg 768w, https:\/\/www.prisedepied.fr\/cirque\/wp-content\/uploads\/2021\/10\/Un-ptit-porte\u0301-@\u00a9Prise-de-pied-5-1536x1020.jpg 1536w, https:\/\/www.prisedepied.fr\/cirque\/wp-content\/uploads\/2021\/10\/Un-ptit-porte\u0301-@\u00a9Prise-de-pied-5-1200x797.jpg 1200w, https:\/\/www.prisedepied.fr\/cirque\/wp-content\/uploads\/2021\/10\/Un-ptit-porte\u0301-@\u00a9Prise-de-pied-5.jpg 1920w\" sizes=\"auto, (max-width: 1024px) 100vw, 1024px\" \/><\/figure>\n\n\n\n<blockquote class=\"wp-block-quote is-layout-flow wp-block-quote-is-layout-flow\"><p>Gare aux p&rsquo;tit port\u00e9s !<\/p><\/blockquote>\n<\/div>\n<\/div>\n\n\n\n<div class=\"wp-block-buttons is-content-justification-center is-layout-flex wp-block-buttons-is-layout-flex\">\n<div class=\"wp-block-button\"><a class=\"wp-block-button__link\" href=\"http:\/\/www.prisedepied.fr\/cirque\/dates\/un-ptit-porte\/\">Dates de la tourn\u00e9e<\/a><\/div>\n<\/div>\n\n\n\n<figure class=\"wp-block-embed alignfull is-type-video is-provider-vimeo wp-block-embed-vimeo wp-embed-aspect-16-9 wp-has-aspect-ratio\"><div class=\"wp-block-embed__wrapper\">\n<iframe loading=\"lazy\" title=\"Un P&#039;tit Port\u00e9\" src=\"https:\/\/player.vimeo.com\/video\/112710882?dnt=1&amp;app_id=122963\" width=\"580\" height=\"326\" frameborder=\"0\" allow=\"autoplay; fullscreen; picture-in-picture; clipboard-write\"><\/iframe>\n<\/div><\/figure>\n\n\n\n<h3 class=\"alignwide wp-block-heading\">Presse<\/h3>\n\n\n\n<div class=\"wp-block-columns alignwide are-vertically-aligned-center is-layout-flex wp-container-core-columns-is-layout-9d6595d7 wp-block-columns-is-layout-flex\">\n<div class=\"wp-block-column is-vertically-aligned-center is-layout-flow wp-block-column-is-layout-flow\">\n<figure class=\"wp-block-pullquote bascule1\"><blockquote><p>Avec ce spectacle bas\u00e9 sur une d\u00e9marche artistique dans le style du nouveau cirque, les deux acteurs sont parvenus \u00e0 illustrer les joies et les m\u00e9andres de la grossesse \u00e0 travers la danse, la musique et les acrobaties, capables de raconter en voltiges et en tendresse la complicit\u00e9, les incompr\u00e9- hensions et les bouleversements entra\u00een\u00e9s par l&rsquo;arriv\u00e9e d&rsquo;un \u00ab p&rsquo;tit \u00bb\u2026<\/p><cite><strong>Le Dauphin\u00e9 Lib\u00e9r\u00e9<\/strong> \u2014 juillet 2010<\/cite><\/blockquote><\/figure>\n\n\n\n<figure class=\"wp-block-pullquote bascule2\"><blockquote><p>L&rsquo;histoire d&rsquo;un coup de foudre quelque peu acrobatique mais tendre et po\u00e9tique avec tout au bout de cette complicit\u00e9 l&rsquo;arriv\u00e9e surprise d&rsquo;un \u00ab&nbsp;p&rsquo;tit port\u00e9&nbsp;\u00bb&#8230;<\/p><p>Mais o\u00f9 le mettront-ils&nbsp;? Entre eux ou sur eux&nbsp;? C&rsquo;est toute la question que pose ce spectacle de 20 minutes, tout public, bien rythm\u00e9, sans accroc, qui ne manque pas de clins d&rsquo;oeils aux mille et un d\u00e9tails de la vie d&rsquo;un couple. Sa\u00eflen Rose et Beno\u00eet H\u00e9liot, les deux interpr\u00e8tes sont remarquables tant dans leurs prestations acrobatiques que dans la simplicit\u00e9 de leur gestuelle. Tr\u00e8s peu de mots mais des symboles, des signes qui partent en d\u00e9lire au-dessus d&rsquo;un paravent du septi\u00e8me ciel&nbsp;!<\/p><cite><strong><em><strong>Le Dauphin\u00e9 Lib\u00e9r\u00e9<\/strong><\/em><\/strong><em> \u2014 mai 2010<\/em><\/cite><\/blockquote><\/figure>\n<\/div>\n\n\n\n<div class=\"wp-block-column is-vertically-aligned-center is-layout-flow wp-block-column-is-layout-flow\">\n<figure class=\"wp-block-pullquote bascule2\"><blockquote><p>Elle est sur une chaise, il danse autour d&rsquo;elle, grand, brun, m\u00e2le. Tourbillon, rappro- chement : elle envo\u00fbtante, lui surpris. Elle prend de la hauteur sur ses \u00e9paules. Corps \u00e0 corps p\u00e9rilleux. Paravent. Les v\u00eatements volent. Elle chavire, lui \u00e9chevel\u00e9. Elle revient, elle est deux, ventre rond. Lui, satisfait, fier, \u00e0 tournoyer, \u00e0 pirouetter, sur la sc\u00e8ne, sur le dossier de la chaise. Elle est encombr\u00e9e, affam\u00e9e, g\u00e2t\u00e9e.<\/p><cite><strong>L&rsquo;Est R\u00e9publicain<\/strong> \u2014 f\u00e9vrier 2011<\/cite><\/blockquote><\/figure>\n<\/div>\n<\/div>\n\n\n\n<hr class=\"wp-block-separator alignfull\"\/>\n\n\n\n<h3 class=\"alignwide wp-block-heading\">Espace pro<\/h3>\n\n\n\n<div class=\"wp-block-columns alignwide is-layout-flex wp-container-core-columns-is-layout-9d6595d7 wp-block-columns-is-layout-flex\">\n<div class=\"wp-block-column is-vertically-aligned-top is-layout-flow wp-block-column-is-layout-flow\" style=\"flex-basis:66.66%\">\n<p style=\"font-size:14px\"><strong>Cr\u00e9ation et interpr\u00e9tation<\/strong> : Sa\u00eflen Rose et Beno\u00eet H\u00e9liot<br><strong>Regard ext\u00e9rieur (jeu et dramaturgie) :<\/strong> Johan Lescop<br><strong>Regard ext\u00e9rieur (port\u00e9s acrobatiques) :<\/strong> Emmanuel Buttner<br><strong>Costumes :<\/strong> Blandine Poulat<br><strong>Illustration<\/strong> (affiche) : Sylvie Wibaut<br><br><strong><strong><span style=\"text-decoration: underline;\">Mentions obligatoires<\/span><\/strong><\/strong><br><strong>Coproductions :<\/strong> Quelques p&rsquo;Arts\u2026 le SOAR &#8211; Sc\u00e8ne Rh\u00f4ne-Alpes (07), la CAPI de l&rsquo;Isle d&rsquo;Abeau (38), \u2026<br><strong>R\u00e9sidences et soutiens :<\/strong> l&rsquo;Atrium (69), l&rsquo;All\u00e9gro (01),La maison des Comoni (06), l&rsquo;Ecole de Cirque de Lyon (69), salle culturelle de Colombier-le-Vieux en partenariat avec Quelques p&rsquo;Arts\u2026 le SOAR &#8211; Sc\u00e8ne Rh\u00f4ne-Alpes (07) avec le soutien de la mairie et de l&rsquo;association Lo gavelier.<br><strong>Subventions :<\/strong> R\u00e9gion Rh\u00f4ne-Alpes, Syndicat Mixte d&rsquo;Ard\u00e8che Verte<br><\/p>\n<\/div>\n\n\n\n<div class=\"wp-block-column is-layout-flow wp-block-column-is-layout-flow\" style=\"flex-basis:33.33%\">\n<h4 class=\"wp-block-heading\">Documents \u00e0 t\u00e9l\u00e9charger<\/h4>\n\n\n\n<ul class=\"accordeon wp-block-list\"><li><a rel=\"noreferrer noopener\" href=\"http:\/\/www.prisedepied.fr\/cirque\/wp-content\/uploads\/2021\/10\/PP_Dossier_Peda.pdf\" target=\"_blank\">Dossier p\u00e9dagogique (pdf)<\/a><\/li><li><a rel=\"noreferrer noopener\" href=\"http:\/\/www.prisedepied.fr\/cirque\/wp-content\/uploads\/2021\/10\/PP_dossier_de_vente.pdf\" target=\"_blank\">Dossier de vente (pdf)<\/a><\/li><li><a href=\"http:\/\/www.prisedepied.fr\/cirque\/wp-content\/uploads\/2021\/10\/kit-photos-un-ptit-porte\u0301.zip\">Kit photos HD<\/a><\/li><\/ul>\n\n\n\n<div style=\"height:250px\" aria-hidden=\"true\" class=\"wp-block-spacer\"><\/div>\n<\/div>\n<\/div>\n\n\n\n<div class=\"wp-block-buttons is-content-justification-center is-layout-flex wp-block-buttons-is-layout-flex\">\n<div class=\"wp-block-button\"><a class=\"wp-block-button__link\" href=\"http:\/\/www.prisedepied.fr\/cirque\/mediation-culturelle\/\">M\u00e9diation culturelle<\/a><\/div>\n\n\n\n<div class=\"wp-block-button\"><a class=\"wp-block-button__link\" href=\"http:\/\/www.prisedepied.fr\/cirque\/dates\/un-ptit-porte\/\">Dates de la tourn\u00e9e<\/a><\/div>\n<\/div>\n\n\n\n<p><\/p>\n","protected":false},"excerpt":{"rendered":"<p>Ou comment g\u00e9rer les cons\u00e9quences d&rsquo;une soir\u00e9e un peu trop acrobatique ! Sur un air de milonga, une rencontre, un brin de s\u00e9duction acrobatique\u2026Mais o\u00f9 cela va-t-il les mener ? Sont-ils pr\u00eats \u00e0 assumer les suites de cette soir\u00e9e ? Oui ? Non ?En tout cas, gare aux p&rsquo;tits port\u00e9s ! Spectacle acrobatique et burlesqueCr\u00e9ation [&hellip;]<\/p>\n","protected":false},"author":1,"featured_media":1047,"parent":0,"menu_order":0,"comment_status":"closed","ping_status":"closed","template":"","meta":{"footnotes":""},"class_list":["post-497","page","type-page","status-publish","has-post-thumbnail","hentry"],"_links":{"self":[{"href":"https:\/\/www.prisedepied.fr\/cirque\/wp-json\/wp\/v2\/pages\/497","targetHints":{"allow":["GET"]}}],"collection":[{"href":"https:\/\/www.prisedepied.fr\/cirque\/wp-json\/wp\/v2\/pages"}],"about":[{"href":"https:\/\/www.prisedepied.fr\/cirque\/wp-json\/wp\/v2\/types\/page"}],"author":[{"embeddable":true,"href":"https:\/\/www.prisedepied.fr\/cirque\/wp-json\/wp\/v2\/users\/1"}],"replies":[{"embeddable":true,"href":"https:\/\/www.prisedepied.fr\/cirque\/wp-json\/wp\/v2\/comments?post=497"}],"version-history":[{"count":7,"href":"https:\/\/www.prisedepied.fr\/cirque\/wp-json\/wp\/v2\/pages\/497\/revisions"}],"predecessor-version":[{"id":1027,"href":"https:\/\/www.prisedepied.fr\/cirque\/wp-json\/wp\/v2\/pages\/497\/revisions\/1027"}],"wp:featuredmedia":[{"embeddable":true,"href":"https:\/\/www.prisedepied.fr\/cirque\/wp-json\/wp\/v2\/media\/1047"}],"wp:attachment":[{"href":"https:\/\/www.prisedepied.fr\/cirque\/wp-json\/wp\/v2\/media?parent=497"}],"curies":[{"name":"wp","href":"https:\/\/api.w.org\/{rel}","templated":true}]}}